{"id":85,"date":"2023-09-06T20:20:21","date_gmt":"2023-09-06T17:20:21","guid":{"rendered":"http:\/\/vover5vu.beget.tech\/?page_id=85"},"modified":"2023-11-02T10:41:54","modified_gmt":"2023-11-02T07:41:54","slug":"josef-shmuel","status":"publish","type":"page","link":"https:\/\/josefshmuel.org\/de\/josef-shmuel\/","title":{"rendered":"Josef Shmuel"},"content":{"rendered":"\n<figure class=\"wp-block-image size-full\"><img fetchpriority=\"high\" decoding=\"async\" width=\"518\" height=\"690\" src=\"http:\/\/vover5vu.beget.tech\/wp-content\/uploads\/2023\/09\/photo_2023-09-08_15-42-46.jpg\" alt=\"\" class=\"wp-image-136\" srcset=\"https:\/\/josefshmuel.org\/de\/wp-content\/uploads\/sites\/4\/2023\/09\/photo_2023-09-08_15-42-46.jpg 518w, https:\/\/josefshmuel.org\/de\/wp-content\/uploads\/sites\/4\/2023\/09\/photo_2023-09-08_15-42-46-225x300.jpg 225w\" sizes=\"(max-width: 518px) 100vw, 518px\" \/><\/figure>\n\n\n<h2>Schalom, wir hei\u00dfen Sie herzlich willkommen!<br \/>Ein paar Worte \u00fcber<br \/>Josef Shmuel.<\/h2>\n<p>Josef Shmuel ist Jude, sein Vater und seine Mutter sind Juden. Geboren in der Ukraine, lebt jetzt in Israel.<\/p>\n<p>Vor mehr als 20 Jahren erscheint ihm Jesus in einer Vision, segnet Josef und beruft ihn auf \u00fcbernat\u00fcrliche Weise zum Dienst. Dadurch wird sein Geist ge\u00f6ffnet, um die Geheimnisse der Heiligen Schrift und die Zeit, in der wir leben, zu verstehen. Seitdem hat der Prophet Josef viele weltbedeutende Geheimnisse und Verschw\u00f6rungen gegen die Menschheit freigegeben, zum Beispiel: Die Erde ist flach, wir leben unter der Kuppel, religi\u00f6se Dogmen in Religionen sind verzerrt, Gott ist nicht dreieinig, sondern Jeschua, der Sohn Gottes ist der Erstgeborene unter den Br\u00fcdern, und wir k\u00f6nnen auch in der Kraft Gottes wandeln und Jeschua \u2013 den \u00e4lteren Bruder \u2013 nachahmen.<\/p>\n<p>Josef schlie\u00dft einen Bund mit Jesus, einen Bund mit dem Gott Israels, Yahovah, durch Jesus Christus. Seitdem wurde sein Dienst von vielen Wundern, Heilungen und gro\u00dfer Weisheit begleitet. Menschen, die mit ihm kommunizieren, sagen, dass sie einen Schatz an Weisheit und Offenbarungen gefunden haben; die Bibel beginnt sich in einem neuen Licht zu offenbaren. <br \/>Eine der wichtigsten Botschaft ist, dass er das Evangelium, das \u00fcber 2000 Jahre von den Heiden ge\u00e4ndert wurde, wiederherstellt und das Verst\u00e4ndnis des Ersten Gebots und des Namens Gottes offenbart.<\/p>\n<p>Da Josef keine Angst vor Klischees hat und keine Bindung zur Religion hat, offenbarte ihm Jesus viele Geheimnisse mit einem frischen Blick. Josef Shmuel enth\u00fcllt den Menschen diese Geheimnisse und erkl\u00e4rt die Zeiten, in denen wir leben, und enth\u00fcllt auch die Weisheit der Bibel, die Ursachen und Ereignisse auf der Weltb\u00fchne, in der Ukraine und in Russland \u2013 ein Krieg, den der Prophet Josef Shmuel vorhergesehen und vor dem er gewarnt hat als man noch nicht einmal ahnten, dass dies passieren kann.<\/p>\n<p>So wie sie Jesus verfolgten, verfolgen sie auch heute noch Gottes Diener, einschlie\u00dflich des Propheten Josef indem sie ihn verleumden und einen falschen Propheten nennen. Aber trotzdem f\u00fchrt Gott seinen Propheten und verbreitet durch ihn weiterhin die Wahrheit und jeder hat die M\u00f6glichkeit die richtige Wahl zu treffen. Das Wort Gottes sagt: Glaubet an den HERRN, euren Gott, so werdet ihr sicher sein; und glaubt an seine Propheten, so werdet ihr Gl\u00fcck haben.<br \/>(2. Chronik 20:20)<br \/>Hier auf dieser Website sind Lehreinheiten des Propheten Gottes Josef Shmuel gesammelt, die mit Weisheit erf\u00fcllen, Klarheit bringen und Tr\u00e4ger des Segens sind.<\/p>\n<p>Willkommen zur\u00fcck!<\/p>","protected":false},"excerpt":{"rendered":"<p>Schalom, wir hei\u00dfen Sie herzlich willkommen!Ein paar Worte \u00fcberJosef Shmuel. Josef Shmuel ist Jude, sein Vater und seine Mutter sind Juden. Geboren in der Ukraine, lebt jetzt in Israel. Vor mehr als 20 Jahren erscheint ihm Jesus in einer Vision, segnet Josef und beruft ihn auf \u00fcbernat\u00fcrliche Weise zum Dienst. Dadurch wird sein Geist ge\u00f6ffnet, &hellip; <\/p>\n<p class=\"link-more\"><a href=\"https:\/\/josefshmuel.org\/de\/josef-shmuel\/\" class=\"more-link\"><span class=\"screen-reader-text\">\u201eJosef Shmuel\u201c<\/span> weiterlesen<\/a><\/p>\n","protected":false},"author":1,"featured_media":0,"parent":0,"menu_order":0,"comment_status":"closed","ping_status":"closed","template":"","meta":{"footnotes":""},"class_list":["post-85","page","type-page","status-publish","hentry"],"yoast_head":"<!-- This site is optimized with the Yoast SEO plugin v21.1 - https:\/\/yoast.com\/wordpress\/plugins\/seo\/ -->\n<title>Josef Shmuel - DAS PROPHETISCHE WORT<\/title>\n<meta name=\"robots\" content=\"index, follow, max-snippet:-1, max-image-preview:large, max-video-preview:-1\" \/>\n<link rel=\"canonical\" href=\"https:\/\/josefshmuel.org\/de\/josef-shmuel\/\" \/>\n<meta property=\"og:locale\" content=\"de_DE\" \/>\n<meta property=\"og:type\" content=\"article\" \/>\n<meta property=\"og:title\" content=\"Josef Shmuel - DAS PROPHETISCHE WORT\" \/>\n<meta property=\"og:description\" content=\"Schalom, wir hei\u00dfen Sie herzlich willkommen!Ein paar Worte \u00fcberJosef Shmuel. Josef Shmuel ist Jude, sein Vater und seine Mutter sind Juden. Geboren in der Ukraine, lebt jetzt in Israel. Vor mehr als 20 Jahren erscheint ihm Jesus in einer Vision, segnet Josef und beruft ihn auf \u00fcbernat\u00fcrliche Weise zum Dienst. Dadurch wird sein Geist ge\u00f6ffnet, &hellip; \u201eJosef Shmuel\u201c weiterlesen\" \/>\n<meta property=\"og:url\" content=\"https:\/\/josefshmuel.org\/de\/josef-shmuel\/\" \/>\n<meta property=\"og:site_name\" content=\"DAS PROPHETISCHE WORT\" \/>\n<meta property=\"article:modified_time\" content=\"2023-11-02T07:41:54+00:00\" \/>\n<meta property=\"og:image\" content=\"http:\/\/vover5vu.beget.tech\/wp-content\/uploads\/2023\/09\/photo_2023-09-08_15-42-46.jpg\" \/>\n<meta name=\"twitter:card\" content=\"summary_large_image\" \/>\n<meta name=\"twitter:label1\" content=\"Gesch\u00e4tzte Lesezeit\" \/>\n\t<meta name=\"twitter:data1\" content=\"3\u00a0Minuten\" \/>\n<script type=\"application\/ld+json\" class=\"yoast-schema-graph\">{\"@context\":\"https:\/\/schema.org\",\"@graph\":[{\"@type\":\"WebPage\",\"@id\":\"https:\/\/josefshmuel.org\/de\/josef-shmuel\/\",\"url\":\"https:\/\/josefshmuel.org\/de\/josef-shmuel\/\",\"name\":\"Josef Shmuel - DAS PROPHETISCHE WORT\",\"isPartOf\":{\"@id\":\"https:\/\/josefshmuel.org\/de\/#website\"},\"datePublished\":\"2023-09-06T17:20:21+00:00\",\"dateModified\":\"2023-11-02T07:41:54+00:00\",\"breadcrumb\":{\"@id\":\"https:\/\/josefshmuel.org\/de\/josef-shmuel\/#breadcrumb\"},\"inLanguage\":\"de\",\"potentialAction\":[{\"@type\":\"ReadAction\",\"target\":[\"https:\/\/josefshmuel.org\/de\/josef-shmuel\/\"]}]},{\"@type\":\"BreadcrumbList\",\"@id\":\"https:\/\/josefshmuel.org\/de\/josef-shmuel\/#breadcrumb\",\"itemListElement\":[{\"@type\":\"ListItem\",\"position\":1,\"name\":\"\u0413\u043b\u0430\u0432\u043d\u0430\u044f \u0441\u0442\u0440\u0430\u043d\u0438\u0446\u0430\",\"item\":\"https:\/\/josefshmuel.org\/de\/\"},{\"@type\":\"ListItem\",\"position\":2,\"name\":\"Josef Shmuel\"}]},{\"@type\":\"WebSite\",\"@id\":\"https:\/\/josefshmuel.org\/de\/#website\",\"url\":\"https:\/\/josefshmuel.org\/de\/\",\"name\":\"DAS PROPHETISCHE WORT\",\"description\":\"Prophetischer Dienst von Josef Shmuel f\u00fcr diejenigen, die nach der Wahrheit suchen. Eine Website \u00fcber die Endzeit und die Ereignisse der Apokalypse, die Menschen dabei hilft, geistlich in Gott zu wachse\",\"potentialAction\":[{\"@type\":\"SearchAction\",\"target\":{\"@type\":\"EntryPoint\",\"urlTemplate\":\"https:\/\/josefshmuel.org\/de\/?s={search_term_string}\"},\"query-input\":\"required name=search_term_string\"}],\"inLanguage\":\"de\"}]}<\/script>\n<!-- \/ Yoast SEO plugin. -->","yoast_head_json":{"title":"Josef Shmuel - DAS PROPHETISCHE WORT","robots":{"index":"index","follow":"follow","max-snippet":"max-snippet:-1","max-image-preview":"max-image-preview:large","max-video-preview":"max-video-preview:-1"},"canonical":"https:\/\/josefshmuel.org\/de\/josef-shmuel\/","og_locale":"de_DE","og_type":"article","og_title":"Josef Shmuel - DAS PROPHETISCHE WORT","og_description":"Schalom, wir hei\u00dfen Sie herzlich willkommen!Ein paar Worte \u00fcberJosef Shmuel. Josef Shmuel ist Jude, sein Vater und seine Mutter sind Juden. Geboren in der Ukraine, lebt jetzt in Israel. Vor mehr als 20 Jahren erscheint ihm Jesus in einer Vision, segnet Josef und beruft ihn auf \u00fcbernat\u00fcrliche Weise zum Dienst. Dadurch wird sein Geist ge\u00f6ffnet, &hellip; \u201eJosef Shmuel\u201c weiterlesen","og_url":"https:\/\/josefshmuel.org\/de\/josef-shmuel\/","og_site_name":"DAS PROPHETISCHE WORT","article_modified_time":"2023-11-02T07:41:54+00:00","og_image":[{"url":"http:\/\/vover5vu.beget.tech\/wp-content\/uploads\/2023\/09\/photo_2023-09-08_15-42-46.jpg"}],"twitter_card":"summary_large_image","twitter_misc":{"Gesch\u00e4tzte Lesezeit":"3\u00a0Minuten"},"schema":{"@context":"https:\/\/schema.org","@graph":[{"@type":"WebPage","@id":"https:\/\/josefshmuel.org\/de\/josef-shmuel\/","url":"https:\/\/josefshmuel.org\/de\/josef-shmuel\/","name":"Josef Shmuel - DAS PROPHETISCHE WORT","isPartOf":{"@id":"https:\/\/josefshmuel.org\/de\/#website"},"datePublished":"2023-09-06T17:20:21+00:00","dateModified":"2023-11-02T07:41:54+00:00","breadcrumb":{"@id":"https:\/\/josefshmuel.org\/de\/josef-shmuel\/#breadcrumb"},"inLanguage":"de","potentialAction":[{"@type":"ReadAction","target":["https:\/\/josefshmuel.org\/de\/josef-shmuel\/"]}]},{"@type":"BreadcrumbList","@id":"https:\/\/josefshmuel.org\/de\/josef-shmuel\/#breadcrumb","itemListElement":[{"@type":"ListItem","position":1,"name":"\u0413\u043b\u0430\u0432\u043d\u0430\u044f \u0441\u0442\u0440\u0430\u043d\u0438\u0446\u0430","item":"https:\/\/josefshmuel.org\/de\/"},{"@type":"ListItem","position":2,"name":"Josef Shmuel"}]},{"@type":"WebSite","@id":"https:\/\/josefshmuel.org\/de\/#website","url":"https:\/\/josefshmuel.org\/de\/","name":"DAS PROPHETISCHE WORT","description":"Prophetischer Dienst von Josef Shmuel f\u00fcr diejenigen, die nach der Wahrheit suchen. Eine Website \u00fcber die Endzeit und die Ereignisse der Apokalypse, die Menschen dabei hilft, geistlich in Gott zu wachse","potentialAction":[{"@type":"SearchAction","target":{"@type":"EntryPoint","urlTemplate":"https:\/\/josefshmuel.org\/de\/?s={search_term_string}"},"query-input":"required name=search_term_string"}],"inLanguage":"de"}]}},"_links":{"self":[{"href":"https:\/\/josefshmuel.org\/de\/wp-json\/wp\/v2\/pages\/85","targetHints":{"allow":["GET"]}}],"collection":[{"href":"https:\/\/josefshmuel.org\/de\/wp-json\/wp\/v2\/pages"}],"about":[{"href":"https:\/\/josefshmuel.org\/de\/wp-json\/wp\/v2\/types\/page"}],"author":[{"embeddable":true,"href":"https:\/\/josefshmuel.org\/de\/wp-json\/wp\/v2\/users\/1"}],"replies":[{"embeddable":true,"href":"https:\/\/josefshmuel.org\/de\/wp-json\/wp\/v2\/comments?post=85"}],"version-history":[{"count":5,"href":"https:\/\/josefshmuel.org\/de\/wp-json\/wp\/v2\/pages\/85\/revisions"}],"predecessor-version":[{"id":155,"href":"https:\/\/josefshmuel.org\/de\/wp-json\/wp\/v2\/pages\/85\/revisions\/155"}],"wp:attachment":[{"href":"https:\/\/josefshmuel.org\/de\/wp-json\/wp\/v2\/media?parent=85"}],"curies":[{"name":"wp","href":"https:\/\/api.w.org\/{rel}","templated":true}]}}